{"id":2107,"date":"2025-03-27T15:42:08","date_gmt":"2025-03-27T15:42:08","guid":{"rendered":"https:\/\/twl-construcao.com\/?page_id=2107"},"modified":"2025-03-27T17:57:31","modified_gmt":"2025-03-27T17:57:31","slug":"teste-assinatura","status":"publish","type":"page","link":"https:\/\/twl-construcao.com\/es\/teste-assinatura\/","title":{"rendered":"Teste Assinatura"},"content":{"rendered":"<div data-elementor-type=\"wp-page\" data-elementor-id=\"2107\" class=\"elementor elementor-2107\" data-elementor-post-type=\"page\">\n\t\t\t\t<div class=\"elementor-element elementor-element-ffbef32 e-flex e-con-boxed e-con e-parent\" data-id=\"ffbef32\" data-element_type=\"container\">\n\t\t\t\t\t<div class=\"e-con-inner\">\n\t\t\t\t<div class=\"elementor-element elementor-element-d66cc46 de_scroll_animation_no elementor-widget elementor-widget-html\" data-id=\"d66cc46\" data-element_type=\"widget\" data-widget_type=\"html.default\">\n\t\t\t\t<div class=\"elementor-widget-container\">\n\t\t\t\t\t<table style=\"width: 100%; max-width: 600px; font-family: Arial, sans-serif;\">\r\n  <tr>\r\n    <td style=\"padding: 10px;\">\r\n      <!-- Foto ou logo -->\r\n      <img decoding=\"async\" src=\"https:\/\/twl-construcao.com\/wp-content\/uploads\/2024\/04\/57a2d4832de5b.jpg\" alt=\"Logo ou Foto\" style=\"width: 100px; border-radius: 50%;\">\r\n    <\/td>\r\n    <td style=\"padding: 10px;\">\r\n      <!-- Informa\u00e7\u00f5es do usu\u00e1rio -->\r\n      <p style=\"margin: 0; font-size: 16px; color: #333;\"><strong>Nome do Cliente<\/strong><\/p>\r\n      <p style=\"margin: 0; font-size: 14px; color: #555;\">Cargo | Empresa<\/p>\r\n      <p style=\"margin: 0; font-size: 14px; color: #555;\">\r\n        <a href=\"mailto:email@empresa.com\" style=\"color: #0073e6; text-decoration: none;\">email@empresa.com<\/a> | \r\n        <a href=\"tel:+55XXXXXXXXXX\" style=\"color: #0073e6; text-decoration: none;\">(XX) XXXX-XXXX<\/a>\r\n      <\/p>\r\n      \r\n      <!-- Bot\u00f5es clic\u00e1veis -->\r\n      <p>\r\n        <a href=\"https:\/\/www.linkedin.com\/in\/user\" \r\n           style=\"padding: 8px 12px; background-color: #0077b5; color: #fff; text-decoration: none; border-radius: 5px; font-size: 12px;\">\r\n          LinkedIn\r\n        <\/a>\r\n        \r\n        <a href=\"https:\/\/wa.me\/55XXXXXXXXXX\" \r\n           style=\"padding: 8px 12px; background-color: #25d366; color: #fff; text-decoration: none; border-radius: 5px; font-size: 12px; margin-left: 5px;\">\r\n          WhatsApp\r\n        <\/a>\r\n        \r\n        <a href=\"https:\/\/www.empresa.com\" \r\n           style=\"padding: 8px 12px; background-color: #333; color: #fff; text-decoration: none; border-radius: 5px; font-size: 12px; margin-left: 5px;\">\r\n          Site\r\n        <\/a>\r\n      <\/p>\r\n    <\/td>\r\n  <\/tr>\r\n<\/table>\r\n\t\t\t\t<\/div>\n\t\t\t\t<\/div>\n\t\t\t\t\t<\/div>\n\t\t\t\t<\/div>\n\t\t\t\t<\/div>","protected":false},"excerpt":{"rendered":"<p>Nome do Cliente Cargo | Empresa email@empresa.com | (XX) XXXX-XXXX LinkedIn WhatsApp Site<\/p>","protected":false},"author":1,"featured_media":0,"parent":0,"menu_order":0,"comment_status":"closed","ping_status":"closed","template":"elementor_canvas","meta":{"footnotes":""},"class_list":["post-2107","page","type-page","status-publish","hentry"],"_links":{"self":[{"href":"https:\/\/twl-construcao.com\/es\/wp-json\/wp\/v2\/pages\/2107","targetHints":{"allow":["GET"]}}],"collection":[{"href":"https:\/\/twl-construcao.com\/es\/wp-json\/wp\/v2\/pages"}],"about":[{"href":"https:\/\/twl-construcao.com\/es\/wp-json\/wp\/v2\/types\/page"}],"author":[{"embeddable":true,"href":"https:\/\/twl-construcao.com\/es\/wp-json\/wp\/v2\/users\/1"}],"replies":[{"embeddable":true,"href":"https:\/\/twl-construcao.com\/es\/wp-json\/wp\/v2\/comments?post=2107"}],"version-history":[{"count":29,"href":"https:\/\/twl-construcao.com\/es\/wp-json\/wp\/v2\/pages\/2107\/revisions"}],"predecessor-version":[{"id":2141,"href":"https:\/\/twl-construcao.com\/es\/wp-json\/wp\/v2\/pages\/2107\/revisions\/2141"}],"wp:attachment":[{"href":"https:\/\/twl-construcao.com\/es\/wp-json\/wp\/v2\/media?parent=2107"}],"curies":[{"name":"wp","href":"https:\/\/api.w.org\/{rel}","templated":true}]}}